{"id":5420,"date":"2025-01-07T17:03:56","date_gmt":"2025-01-07T17:03:56","guid":{"rendered":"https:\/\/klockar.nu\/?page_id=5420"},"modified":"2026-02-25T22:02:07","modified_gmt":"2026-02-25T22:02:07","slug":"tva-sanger-om-karlek","status":"publish","type":"page","link":"https:\/\/klockar.nu\/index.php\/tva-sanger-om-karlek\/","title":{"rendered":"Tv\u00e5 s\u00e5nger om k\u00e4rlek"},"content":{"rendered":"\t\t<div data-elementor-type=\"wp-page\" data-elementor-id=\"5420\" class=\"elementor elementor-5420\" data-elementor-settings=\"[]\">\n\t\t\t\t\t\t\t<div class=\"elementor-section-wrap\">\n\t\t\t\t\t\t\t<section class=\"elementor-section elementor-top-section elementor-element elementor-element-201b941 elementor-section-boxed elementor-section-height-default elementor-section-height-default\" data-id=\"201b941\" data-element_type=\"section\">\n\t\t\t\t\t\t<div class=\"elementor-container elementor-column-gap-default\">\n\t\t\t\t\t<div class=\"elementor-column elementor-col-100 elementor-top-column elementor-element elementor-element-8f5c439\" data-id=\"8f5c439\" data-element_type=\"column\">\n\t\t\t<div class=\"elementor-widget-wrap elementor-element-populated\">\n\t\t\t\t\t\t\t\t<div class=\"elementor-element elementor-element-3beb252 elementor-widget elementor-widget-text-editor\" data-id=\"3beb252\" data-element_type=\"widget\" data-widget_type=\"text-editor.default\">\n\t\t\t\t<div class=\"elementor-widget-container\">\n\t\t\t\t\t\t\t<h3 style=\"text-align: left\"><em>Tv\u00e5 s\u00e5nger om k\u00e4rlek<\/em><\/h3><p style=\"text-align: center\"><em><span style=\"color: #7a991d\">.<\/span><\/em><\/p><ul><li>Till dig<\/li><li>Hur kan jag s\u00e4ga&#8230;<\/li><\/ul><p style=\"text-align: right\"><em><span style=\"color: #7a991d\">.<\/span><\/em><\/p><p>Two songs about love is a commissioned piece by the women&#8217;s choir La Cappella from Uppsala, which premiered it during the women&#8217;s choir festival in Uppsala on September 29, 2016 under the direction of Tony Margeta.<\/p><p>A few years later I made a revision for mixed choir, which was also recently (2025) published by Gehrmans.<\/p><p><em><span style=\"color: #7a991d\">.<\/span><\/em><\/p><p>The work is based on two poems from the poetry collection\u00a0 &#8220;De sju d\u00f6dssynderna (The Seven Deadly Sins)&#8221; by Karin Boye.<\/p><p><em><span style=\"color: #7a991d\">.<\/span><\/em><\/p><p>Both versions are published by Gehrmans :\u00a0<em><span style=\"color: #7a991d\">.\u00a0 \u00a0<\/span><\/em><a href=\"https:\/\/gehrmans.se\/en\/products\/13029-tva-sanger-om-karlek?_pos=1&amp;_psq=Tv%C3%A5%20s%C3%A5nger%20om%20k%C3%A4rlek&amp;_ss=e&amp;_v=1.0\" target=\"_blank\" rel=\"noopener\">SSAA<\/a><em><span style=\"color: #7a991d\">\u00a0 .\u00a0 <\/span><\/em><span style=\"color: #7a991d\"><a href=\"https:\/\/gehrmans.se\/en\/products\/14830-tv-s-nger-om-k-rlek-satb?_pos=2&amp;_psq=Tv%C3%A5+s%C3%A5nger+om+k%C3%A4rlek&amp;_ss=e&amp;_v=1.0\" target=\"_blank\" rel=\"noopener\">SATB<\/a><\/span><\/p><p><em><span style=\"color: #7a991d\">.<\/span><\/em><\/p><p>These demo recordings were made in my home studio only to give a rough idea of how the pieces might sound:<\/p><p><a href=\"http:\/\/klockar.nu\/wp-content\/uploads\/2025\/01\/Tva-sanger-om-karlek-damkor.mp3\" target=\"_blank\" rel=\"noopener\">Female choir (SSAA)<\/a><\/p><p>\u00a0<\/p><p><a href=\"http:\/\/klockar.nu\/wp-content\/uploads\/2025\/06\/Tva-sanger-om-karlek-blandad-kor.mp3\" target=\"_blank\" rel=\"noopener\">Mixed choir (SATB)<\/a><\/p>\t\t\t\t\t\t<\/div>\n\t\t\t\t<\/div>\n\t\t\t\t\t<\/div>\n\t\t<\/div>\n\t\t\t\t\t\t\t<\/div>\n\t\t<\/section>\n\t\t\t\t\t\t<\/div>\n\t\t\t\t\t<\/div>\n\t\t","protected":false},"excerpt":{"rendered":"<p>Tv\u00e5 s\u00e5nger om k\u00e4rlek . Till dig Hur kan jag s\u00e4ga&#8230; . Two songs about love is a commissioned piece by the women&#8217;s choir La Cappella from Uppsala, which premiered it during the women&#8217;s choir festival in Uppsala on September 29, 2016 under the direction of Tony Margeta. A few years later I made a&hellip; <a class=\"more-link\" href=\"https:\/\/klockar.nu\/index.php\/tva-sanger-om-karlek\/\">Continue reading <span class=\"screen-reader-text\">Tv\u00e5 s\u00e5nger om k\u00e4rlek<\/span><\/a><\/p>\n","protected":false},"author":1,"featured_media":0,"parent":0,"menu_order":0,"comment_status":"closed","ping_status":"closed","template":"","meta":{"footnotes":""},"class_list":["post-5420","page","type-page","status-publish","hentry","entry"],"_links":{"self":[{"href":"https:\/\/klockar.nu\/index.php\/wp-json\/wp\/v2\/pages\/5420","targetHints":{"allow":["GET"]}}],"collection":[{"href":"https:\/\/klockar.nu\/index.php\/wp-json\/wp\/v2\/pages"}],"about":[{"href":"https:\/\/klockar.nu\/index.php\/wp-json\/wp\/v2\/types\/page"}],"author":[{"embeddable":true,"href":"https:\/\/klockar.nu\/index.php\/wp-json\/wp\/v2\/users\/1"}],"replies":[{"embeddable":true,"href":"https:\/\/klockar.nu\/index.php\/wp-json\/wp\/v2\/comments?post=5420"}],"version-history":[{"count":76,"href":"https:\/\/klockar.nu\/index.php\/wp-json\/wp\/v2\/pages\/5420\/revisions"}],"predecessor-version":[{"id":6238,"href":"https:\/\/klockar.nu\/index.php\/wp-json\/wp\/v2\/pages\/5420\/revisions\/6238"}],"wp:attachment":[{"href":"https:\/\/klockar.nu\/index.php\/wp-json\/wp\/v2\/media?parent=5420"}],"curies":[{"name":"wp","href":"https:\/\/api.w.org\/{rel}","templated":true}]}}